{"id":1512,"date":"2021-10-04T13:06:30","date_gmt":"2021-10-04T13:06:30","guid":{"rendered":"https:\/\/www.intentsfestival.nl\/vip-decks\/"},"modified":"2021-10-04T13:06:30","modified_gmt":"2021-10-04T13:06:30","slug":"vip-decks","status":"publish","type":"page","link":"https:\/\/www.intentsfestival.nl\/de\/vip-decks\/","title":{"rendered":"VIP-Decks"},"content":{"rendered":"\t\t<div data-elementor-type=\"wp-page\" data-elementor-id=\"1512\" class=\"elementor elementor-1512 elementor-292\" data-elementor-post-type=\"page\">\n\t\t\t\t\t\t<section data-dce-background-overlay-image-url=\"https:\/\/www.intentsfestival.nl\/wp-content\/uploads\/2020\/10\/vip-foto-groot-1.jpg\" class=\"elementor-section elementor-top-section elementor-element elementor-element-8e16a77 elementor-section-height-min-height elementor-section-boxed elementor-section-height-default elementor-section-items-middle\" data-id=\"8e16a77\" data-element_type=\"section\" data-e-type=\"section\" data-settings=\"{&quot;background_background&quot;:&quot;classic&quot;}\">\n\t\t\t\t\t\t\t<div class=\"elementor-background-overlay\"><\/div>\n\t\t\t\t\t\t\t<div class=\"elementor-container elementor-column-gap-default\">\n\t\t\t\t\t<div class=\"elementor-column elementor-col-100 elementor-top-column elementor-element elementor-element-d35e8ea\" data-id=\"d35e8ea\" data-element_type=\"column\" data-e-type=\"column\">\n\t\t\t<div class=\"elementor-widget-wrap elementor-element-populated\">\n\t\t\t\t\t\t<div class=\"elementor-element elementor-element-dc30130 elementor-widget elementor-widget-heading\" data-id=\"dc30130\" data-element_type=\"widget\" data-e-type=\"widget\" data-widget_type=\"heading.default\">\n\t\t\t\t<div class=\"elementor-widget-container\">\n\t\t\t\t\t<h2 class=\"elementor-heading-title elementor-size-default\">Super Aussicht vom VIP aus<\/h2>\t\t\t\t<\/div>\n\t\t\t\t<\/div>\n\t\t\t\t\t<\/div>\n\t\t<\/div>\n\t\t\t\t\t<\/div>\n\t\t<\/section>\n\t\t\t\t<section class=\"elementor-section elementor-top-section elementor-element elementor-element-5ddeab8d elementor-section-content-middle elementor-section-boxed elementor-section-height-default elementor-section-height-default\" data-id=\"5ddeab8d\" data-element_type=\"section\" data-e-type=\"section\" data-settings=\"{&quot;background_background&quot;:&quot;classic&quot;}\">\n\t\t\t\t\t\t<div class=\"elementor-container elementor-column-gap-no\">\n\t\t\t\t\t<div class=\"elementor-column elementor-col-33 elementor-top-column elementor-element elementor-element-48025f01\" data-id=\"48025f01\" data-element_type=\"column\" data-e-type=\"column\">\n\t\t\t<div class=\"elementor-widget-wrap elementor-element-populated\">\n\t\t\t\t\t\t<div class=\"elementor-element elementor-element-1c185ebc elementor-widget elementor-widget-text-editor\" data-id=\"1c185ebc\" data-element_type=\"widget\" data-e-type=\"widget\" data-widget_type=\"text-editor.default\">\n\t\t\t\t<div class=\"elementor-widget-container\">\n\t\t\t\t\t\t\t\t\t<p>Extra Intents-Genuss<\/p>\n\t\t\t\t\t\t\t\t<\/div>\n\t\t\t\t<\/div>\n\t\t\t\t<div class=\"elementor-element elementor-element-794a3afe elementor-widget elementor-widget-heading\" data-id=\"794a3afe\" data-element_type=\"widget\" data-e-type=\"widget\" data-widget_type=\"heading.default\">\n\t\t\t\t<div class=\"elementor-widget-container\">\n\t\t\t\t\t<h3 class=\"elementor-heading-title elementor-size-default\">VIP-Decks<\/h3>\t\t\t\t<\/div>\n\t\t\t\t<\/div>\n\t\t\t\t<div class=\"elementor-element elementor-element-34c60295 elementor-widget elementor-widget-image\" data-id=\"34c60295\" data-element_type=\"widget\" data-e-type=\"widget\" data-widget_type=\"image.default\">\n\t\t\t\t<div class=\"elementor-widget-container\">\n\t\t\t\t\t\t\t\t\t\t\t\t\t\t\t<img fetchpriority=\"high\" decoding=\"async\" width=\"345\" height=\"400\" src=\"https:\/\/www.intentsfestival.nl\/wp-content\/uploads\/2020\/10\/vip-3.jpg\" class=\"elementor-animation-grow attachment-large size-large wp-image-1458\" alt=\"\" srcset=\"https:\/\/www.intentsfestival.nl\/wp-content\/uploads\/2020\/10\/vip-3.jpg 345w, https:\/\/www.intentsfestival.nl\/wp-content\/uploads\/2020\/10\/vip-3-259x300.jpg 259w\" sizes=\"(max-width: 345px) 100vw, 345px\" \/>\t\t\t\t\t\t\t\t\t\t\t\t\t\t\t<\/div>\n\t\t\t\t<\/div>\n\t\t\t\t\t<\/div>\n\t\t<\/div>\n\t\t\t\t<div class=\"elementor-column elementor-col-33 elementor-top-column elementor-element elementor-element-20220bab\" data-id=\"20220bab\" data-element_type=\"column\" data-e-type=\"column\">\n\t\t\t<div class=\"elementor-widget-wrap elementor-element-populated\">\n\t\t\t\t\t\t<div class=\"elementor-element elementor-element-5a1b1f4e elementor-widget elementor-widget-image\" data-id=\"5a1b1f4e\" data-element_type=\"widget\" data-e-type=\"widget\" data-widget_type=\"image.default\">\n\t\t\t\t<div class=\"elementor-widget-container\">\n\t\t\t\t\t\t\t\t\t\t\t\t\t\t\t<img decoding=\"async\" width=\"345\" height=\"400\" src=\"https:\/\/www.intentsfestival.nl\/wp-content\/uploads\/2020\/10\/vip-2.jpg\" class=\"elementor-animation-grow attachment-large size-large wp-image-1459\" alt=\"\" srcset=\"https:\/\/www.intentsfestival.nl\/wp-content\/uploads\/2020\/10\/vip-2.jpg 345w, https:\/\/www.intentsfestival.nl\/wp-content\/uploads\/2020\/10\/vip-2-259x300.jpg 259w\" sizes=\"(max-width: 345px) 100vw, 345px\" \/>\t\t\t\t\t\t\t\t\t\t\t\t\t\t\t<\/div>\n\t\t\t\t<\/div>\n\t\t\t\t<div class=\"elementor-element elementor-element-6801918d elementor-widget elementor-widget-text-editor\" data-id=\"6801918d\" data-element_type=\"widget\" data-e-type=\"widget\" data-widget_type=\"text-editor.default\">\n\t\t\t\t<div class=\"elementor-widget-container\">\n\t\t\t\t\t\t\t\t\t<p>Als VIP wirst du beim Intents Festival echt verw\u00f6hnt. Es gibt einen sch\u00f6nen VIP-Eingang, du bekommst ein Textilb\u00e4ndchen und ein Glas Schampus. Du bekommst Zugang zu den 2 Superluxus-VIP-Decks der Mainstage mit Lounge-Sofas, leckeren H\u00e4ppchen, frischem Obst, Luxus-Toiletten, Wasserh\u00e4hnen und weiteren netten Extras.<\/p>\n<p>Von dort aus hast du nat\u00fcrlich den allerbesten Blick auf die Mainstage. Es gibt auch ein sch\u00f6nes VIP-Deck bei der Dynamite Area auf der Pre-Party, bei der Fanaticz Area am Samstag und der Relive Area am Sonntag.<\/p>\n\t\t\t\t\t\t\t\t<\/div>\n\t\t\t\t<\/div>\n\t\t\t\t\t<\/div>\n\t\t<\/div>\n\t\t\t\t<div class=\"elementor-column elementor-col-33 elementor-top-column elementor-element elementor-element-115863be\" data-id=\"115863be\" data-element_type=\"column\" data-e-type=\"column\">\n\t\t\t<div class=\"elementor-widget-wrap elementor-element-populated\">\n\t\t\t\t\t\t<div class=\"elementor-element elementor-element-41090495 elementor-widget elementor-widget-image\" data-id=\"41090495\" data-element_type=\"widget\" data-e-type=\"widget\" data-widget_type=\"image.default\">\n\t\t\t\t<div class=\"elementor-widget-container\">\n\t\t\t\t\t\t\t\t\t\t\t\t\t\t\t<img decoding=\"async\" width=\"345\" height=\"400\" src=\"https:\/\/www.intentsfestival.nl\/wp-content\/uploads\/2020\/10\/vip-1.jpg\" class=\"elementor-animation-grow attachment-full size-full wp-image-1460\" alt=\"\" srcset=\"https:\/\/www.intentsfestival.nl\/wp-content\/uploads\/2020\/10\/vip-1.jpg 345w, https:\/\/www.intentsfestival.nl\/wp-content\/uploads\/2020\/10\/vip-1-259x300.jpg 259w\" sizes=\"(max-width: 345px) 100vw, 345px\" \/>\t\t\t\t\t\t\t\t\t\t\t\t\t\t\t<\/div>\n\t\t\t\t<\/div>\n\t\t\t\t\t<\/div>\n\t\t<\/div>\n\t\t\t\t\t<\/div>\n\t\t<\/section>\n\t\t\t\t<section data-dce-background-color=\"#F6F6F6\" class=\"elementor-section elementor-top-section elementor-element elementor-element-c51fed2 elementor-section-boxed elementor-section-height-default elementor-section-height-default\" data-id=\"c51fed2\" data-element_type=\"section\" data-e-type=\"section\" data-settings=\"{&quot;background_background&quot;:&quot;classic&quot;}\">\n\t\t\t\t\t\t<div class=\"elementor-container elementor-column-gap-default\">\n\t\t\t\t\t<div class=\"elementor-column elementor-col-33 elementor-top-column elementor-element elementor-element-49896e0\" data-id=\"49896e0\" data-element_type=\"column\" data-e-type=\"column\">\n\t\t\t<div class=\"elementor-widget-wrap elementor-element-populated\">\n\t\t\t\t\t\t<div class=\"elementor-element elementor-element-b433619 elementor-widget elementor-widget-heading\" data-id=\"b433619\" data-element_type=\"widget\" data-e-type=\"widget\" data-widget_type=\"heading.default\">\n\t\t\t\t<div class=\"elementor-widget-container\">\n\t\t\t\t\t<h3 class=\"elementor-heading-title elementor-size-default\">Inklusive<\/h3>\t\t\t\t<\/div>\n\t\t\t\t<\/div>\n\t\t\t\t<div class=\"elementor-element elementor-element-621932c elementor-icon-list--layout-traditional elementor-list-item-link-full_width elementor-widget elementor-widget-icon-list\" data-id=\"621932c\" data-element_type=\"widget\" data-e-type=\"widget\" data-widget_type=\"icon-list.default\">\n\t\t\t\t<div class=\"elementor-widget-container\">\n\t\t\t\t\t\t\t<ul class=\"elementor-icon-list-items\">\n\t\t\t\t\t\t\t<li class=\"elementor-icon-list-item\">\n\t\t\t\t\t\t\t\t\t\t\t<span class=\"elementor-icon-list-icon\">\n\t\t\t\t\t\t\t<i aria-hidden=\"true\" class=\"fas fa-check\"><\/i>\t\t\t\t\t\t<\/span>\n\t\t\t\t\t\t\t\t\t\t<span class=\"elementor-icon-list-text\">Gesonderter Luxus-Eingang<\/span>\n\t\t\t\t\t\t\t\t\t<\/li>\n\t\t\t\t\t\t\t\t<li class=\"elementor-icon-list-item\">\n\t\t\t\t\t\t\t\t\t\t\t<span class=\"elementor-icon-list-icon\">\n\t\t\t\t\t\t\t<i aria-hidden=\"true\" class=\"fas fa-check\"><\/i>\t\t\t\t\t\t<\/span>\n\t\t\t\t\t\t\t\t\t\t<span class=\"elementor-icon-list-text\">Toiletten mit Sp\u00fclung<\/span>\n\t\t\t\t\t\t\t\t\t<\/li>\n\t\t\t\t\t\t\t\t<li class=\"elementor-icon-list-item\">\n\t\t\t\t\t\t\t\t\t\t\t<span class=\"elementor-icon-list-icon\">\n\t\t\t\t\t\t\t<i aria-hidden=\"true\" class=\"fas fa-check\"><\/i>\t\t\t\t\t\t<\/span>\n\t\t\t\t\t\t\t\t\t\t<span class=\"elementor-icon-list-text\">Super Aussicht<\/span>\n\t\t\t\t\t\t\t\t\t<\/li>\n\t\t\t\t\t\t\t\t<li class=\"elementor-icon-list-item\">\n\t\t\t\t\t\t\t\t\t\t\t<span class=\"elementor-icon-list-icon\">\n\t\t\t\t\t\t\t<i aria-hidden=\"true\" class=\"fas fa-check\"><\/i>\t\t\t\t\t\t<\/span>\n\t\t\t\t\t\t\t\t\t\t<span class=\"elementor-icon-list-text\">Finger food<\/span>\n\t\t\t\t\t\t\t\t\t<\/li>\n\t\t\t\t\t\t<\/ul>\n\t\t\t\t\t\t<\/div>\n\t\t\t\t<\/div>\n\t\t\t\t\t<\/div>\n\t\t<\/div>\n\t\t\t\t<div class=\"elementor-column elementor-col-66 elementor-top-column elementor-element elementor-element-0722471\" data-id=\"0722471\" data-element_type=\"column\" data-e-type=\"column\">\n\t\t\t<div class=\"elementor-widget-wrap elementor-element-populated\">\n\t\t\t\t\t\t<div class=\"elementor-element elementor-element-262250d elementor-widget elementor-widget-image\" data-id=\"262250d\" data-element_type=\"widget\" data-e-type=\"widget\" data-widget_type=\"image.default\">\n\t\t\t\t<div class=\"elementor-widget-container\">\n\t\t\t\t\t\t\t\t\t\t\t\t\t\t\t<img loading=\"lazy\" decoding=\"async\" width=\"800\" height=\"600\" src=\"https:\/\/www.intentsfestival.nl\/wp-content\/uploads\/2020\/10\/vip-foto-groot-1.jpg\" class=\"attachment-large size-large wp-image-1513\" alt=\"\" srcset=\"https:\/\/www.intentsfestival.nl\/wp-content\/uploads\/2020\/10\/vip-foto-groot-1.jpg 1024w, https:\/\/www.intentsfestival.nl\/wp-content\/uploads\/2020\/10\/vip-foto-groot-1-300x225.jpg 300w, https:\/\/www.intentsfestival.nl\/wp-content\/uploads\/2020\/10\/vip-foto-groot-1-768x576.jpg 768w\" sizes=\"(max-width: 800px) 100vw, 800px\" \/>\t\t\t\t\t\t\t\t\t\t\t\t\t\t\t<\/div>\n\t\t\t\t<\/div>\n\t\t\t\t\t<\/div>\n\t\t<\/div>\n\t\t\t\t\t<\/div>\n\t\t<\/section>\n\t\t\t\t<section class=\"elementor-section elementor-top-section elementor-element elementor-element-6d561537 elementor-section-content-middle elementor-section-boxed elementor-section-height-default elementor-section-height-default\" data-id=\"6d561537\" data-element_type=\"section\" data-e-type=\"section\" data-settings=\"{&quot;background_background&quot;:&quot;classic&quot;}\">\n\t\t\t\t\t\t<div class=\"elementor-container elementor-column-gap-no\">\n\t\t\t\t\t<div class=\"elementor-column elementor-col-50 elementor-top-column elementor-element elementor-element-96091fe\" data-id=\"96091fe\" data-element_type=\"column\" data-e-type=\"column\">\n\t\t\t<div class=\"elementor-widget-wrap elementor-element-populated\">\n\t\t\t\t\t\t<div class=\"elementor-element elementor-element-36add702 elementor-widget elementor-widget-heading\" data-id=\"36add702\" data-element_type=\"widget\" data-e-type=\"widget\" data-widget_type=\"heading.default\">\n\t\t\t\t<div class=\"elementor-widget-container\">\n\t\t\t\t\t<h2 class=\"elementor-heading-title elementor-size-default\">Willst du extra Intents-Genuss?<\/h2>\t\t\t\t<\/div>\n\t\t\t\t<\/div>\n\t\t\t\t<div class=\"elementor-element elementor-element-38cfe46 elementor-widget elementor-widget-text-editor\" data-id=\"38cfe46\" data-element_type=\"widget\" data-e-type=\"widget\" data-widget_type=\"text-editor.default\">\n\t\t\t\t<div class=\"elementor-widget-container\">\n\t\t\t\t\t\t\t\t\t<p><strong>Sieh dir die VIP-Packages an.<\/strong> Bestell schnell <\/p>\n\t\t\t\t\t\t\t\t<\/div>\n\t\t\t\t<\/div>\n\t\t\t\t\t<\/div>\n\t\t<\/div>\n\t\t\t\t<div class=\"elementor-column elementor-col-50 elementor-top-column elementor-element elementor-element-64384573\" data-id=\"64384573\" data-element_type=\"column\" data-e-type=\"column\">\n\t\t\t<div class=\"elementor-widget-wrap elementor-element-populated\">\n\t\t\t\t\t\t<div class=\"elementor-element elementor-element-1e5deea0 elementor-align-right elementor-mobile-align-left elementor-widget elementor-widget-button\" data-id=\"1e5deea0\" data-element_type=\"widget\" data-e-type=\"widget\" data-widget_type=\"button.default\">\n\t\t\t\t<div class=\"elementor-widget-container\">\n\t\t\t\t\t\t\t\t\t<div class=\"elementor-button-wrapper\">\n\t\t\t\t\t<a class=\"elementor-button elementor-button-link elementor-size-sm elementor-animation-grow\" href=\"https:\/\/www.intentsfestival.nl\/tickets\/\">\n\t\t\t\t\t\t<span class=\"elementor-button-content-wrapper\">\n\t\t\t\t\t\t\t\t\t<span class=\"elementor-button-text\">Tickets ansehen<\/span>\n\t\t\t\t\t<\/span>\n\t\t\t\t\t<\/a>\n\t\t\t\t<\/div>\n\t\t\t\t\t\t\t\t<\/div>\n\t\t\t\t<\/div>\n\t\t\t\t\t<\/div>\n\t\t<\/div>\n\t\t\t\t\t<\/div>\n\t\t<\/section>\n\t\t\t\t<\/div>\n\t\t","protected":false},"excerpt":{"rendered":"<p>Super Aussicht vom VIP aus Extra Intents-Genuss VIP-Decks Als VIP wirst du beim Intents Festival echt verw\u00f6hnt. Es gibt einen sch\u00f6nen VIP-Eingang, du bekommst ein Textilb\u00e4ndchen und ein Glas Schampus. Du bekommst Zugang zu den 2 Superluxus-VIP-Decks der Mainstage mit Lounge-Sofas, leckeren H\u00e4ppchen, frischem Obst, Luxus-Toiletten, Wasserh\u00e4hnen und weiteren netten Extras. Von dort aus hast [&hellip;]<\/p>\n","protected":false},"author":1,"featured_media":0,"parent":0,"menu_order":0,"comment_status":"closed","ping_status":"closed","template":"elementor_header_footer","meta":{"_acf_changed":false,"footnotes":""},"class_list":["post-1512","page","type-page","status-publish","hentry"],"acf":[],"yoast_head":"<!-- This site is optimized with the Yoast SEO plugin v26.1.1 - https:\/\/yoast.com\/wordpress\/plugins\/seo\/ -->\n<title>VIP-Decks - Intents Festival<\/title>\n<meta name=\"robots\" content=\"index, follow, max-snippet:-1, max-image-preview:large, max-video-preview:-1\" \/>\n<link rel=\"canonical\" href=\"https:\/\/www.intentsfestival.nl\/de\/vip-decks\/\" \/>\n<meta property=\"og:locale\" content=\"de_DE\" \/>\n<meta property=\"og:type\" content=\"article\" \/>\n<meta property=\"og:title\" content=\"VIP-Decks - Intents Festival\" \/>\n<meta property=\"og:description\" content=\"Super Aussicht vom VIP aus Extra Intents-Genuss VIP-Decks Als VIP wirst du beim Intents Festival echt verw\u00f6hnt. Es gibt einen sch\u00f6nen VIP-Eingang, du bekommst ein Textilb\u00e4ndchen und ein Glas Schampus. Du bekommst Zugang zu den 2 Superluxus-VIP-Decks der Mainstage mit Lounge-Sofas, leckeren H\u00e4ppchen, frischem Obst, Luxus-Toiletten, Wasserh\u00e4hnen und weiteren netten Extras. Von dort aus hast [&hellip;]\" \/>\n<meta property=\"og:url\" content=\"https:\/\/www.intentsfestival.nl\/de\/vip-decks\/\" \/>\n<meta property=\"og:site_name\" content=\"Intents Festival\" \/>\n<meta property=\"og:image\" content=\"https:\/\/www.intentsfestival.nl\/wp-content\/uploads\/2020\/10\/vip-3.jpg\" \/>\n<meta name=\"twitter:card\" content=\"summary_large_image\" \/>\n<meta name=\"twitter:label1\" content=\"Gesch\u00e4tzte Lesezeit\" \/>\n\t<meta name=\"twitter:data1\" content=\"1\u00a0Minute\" \/>\n<script type=\"application\/ld+json\" class=\"yoast-schema-graph\">{\"@context\":\"https:\/\/schema.org\",\"@graph\":[{\"@type\":\"WebPage\",\"@id\":\"https:\/\/www.intentsfestival.nl\/de\/vip-decks\/\",\"url\":\"https:\/\/www.intentsfestival.nl\/de\/vip-decks\/\",\"name\":\"VIP-Decks - Intents Festival\",\"isPartOf\":{\"@id\":\"https:\/\/www.intentsfestival.nl\/#website\"},\"primaryImageOfPage\":{\"@id\":\"https:\/\/www.intentsfestival.nl\/de\/vip-decks\/#primaryimage\"},\"image\":{\"@id\":\"https:\/\/www.intentsfestival.nl\/de\/vip-decks\/#primaryimage\"},\"thumbnailUrl\":\"https:\/\/www.intentsfestival.nl\/wp-content\/uploads\/2020\/10\/vip-3.jpg\",\"datePublished\":\"2021-10-04T13:06:30+00:00\",\"breadcrumb\":{\"@id\":\"https:\/\/www.intentsfestival.nl\/de\/vip-decks\/#breadcrumb\"},\"inLanguage\":\"de\",\"potentialAction\":[{\"@type\":\"ReadAction\",\"target\":[\"https:\/\/www.intentsfestival.nl\/de\/vip-decks\/\"]}]},{\"@type\":\"ImageObject\",\"inLanguage\":\"de\",\"@id\":\"https:\/\/www.intentsfestival.nl\/de\/vip-decks\/#primaryimage\",\"url\":\"https:\/\/www.intentsfestival.nl\/wp-content\/uploads\/2020\/10\/vip-3.jpg\",\"contentUrl\":\"https:\/\/www.intentsfestival.nl\/wp-content\/uploads\/2020\/10\/vip-3.jpg\"},{\"@type\":\"BreadcrumbList\",\"@id\":\"https:\/\/www.intentsfestival.nl\/de\/vip-decks\/#breadcrumb\",\"itemListElement\":[{\"@type\":\"ListItem\",\"position\":1,\"name\":\"Home\",\"item\":\"https:\/\/www.intentsfestival.nl\/de\/\"},{\"@type\":\"ListItem\",\"position\":2,\"name\":\"VIP-Decks\"}]},{\"@type\":\"WebSite\",\"@id\":\"https:\/\/www.intentsfestival.nl\/#website\",\"url\":\"https:\/\/www.intentsfestival.nl\/\",\"name\":\"Intents Festival\",\"description\":\"The Harderstyles Weekend Festival\",\"publisher\":{\"@id\":\"https:\/\/www.intentsfestival.nl\/#organization\"},\"potentialAction\":[{\"@type\":\"SearchAction\",\"target\":{\"@type\":\"EntryPoint\",\"urlTemplate\":\"https:\/\/www.intentsfestival.nl\/?s={search_term_string}\"},\"query-input\":{\"@type\":\"PropertyValueSpecification\",\"valueRequired\":true,\"valueName\":\"search_term_string\"}}],\"inLanguage\":\"de\"},{\"@type\":\"Organization\",\"@id\":\"https:\/\/www.intentsfestival.nl\/#organization\",\"name\":\"Intents Festival\",\"url\":\"https:\/\/www.intentsfestival.nl\/\",\"logo\":{\"@type\":\"ImageObject\",\"inLanguage\":\"de\",\"@id\":\"https:\/\/www.intentsfestival.nl\/#\/schema\/logo\/image\/\",\"url\":\"https:\/\/www.intentsfestival.nl\/wp-content\/uploads\/2024\/10\/if25-logo.png\",\"contentUrl\":\"https:\/\/www.intentsfestival.nl\/wp-content\/uploads\/2024\/10\/if25-logo.png\",\"width\":468,\"height\":169,\"caption\":\"Intents Festival\"},\"image\":{\"@id\":\"https:\/\/www.intentsfestival.nl\/#\/schema\/logo\/image\/\"}}]}<\/script>\n<!-- \/ Yoast SEO plugin. -->","yoast_head_json":{"title":"VIP-Decks - Intents Festival","robots":{"index":"index","follow":"follow","max-snippet":"max-snippet:-1","max-image-preview":"max-image-preview:large","max-video-preview":"max-video-preview:-1"},"canonical":"https:\/\/www.intentsfestival.nl\/de\/vip-decks\/","og_locale":"de_DE","og_type":"article","og_title":"VIP-Decks - Intents Festival","og_description":"Super Aussicht vom VIP aus Extra Intents-Genuss VIP-Decks Als VIP wirst du beim Intents Festival echt verw\u00f6hnt. Es gibt einen sch\u00f6nen VIP-Eingang, du bekommst ein Textilb\u00e4ndchen und ein Glas Schampus. Du bekommst Zugang zu den 2 Superluxus-VIP-Decks der Mainstage mit Lounge-Sofas, leckeren H\u00e4ppchen, frischem Obst, Luxus-Toiletten, Wasserh\u00e4hnen und weiteren netten Extras. Von dort aus hast [&hellip;]","og_url":"https:\/\/www.intentsfestival.nl\/de\/vip-decks\/","og_site_name":"Intents Festival","og_image":[{"url":"https:\/\/www.intentsfestival.nl\/wp-content\/uploads\/2020\/10\/vip-3.jpg","type":"","width":"","height":""}],"twitter_card":"summary_large_image","twitter_misc":{"Gesch\u00e4tzte Lesezeit":"1\u00a0Minute"},"schema":{"@context":"https:\/\/schema.org","@graph":[{"@type":"WebPage","@id":"https:\/\/www.intentsfestival.nl\/de\/vip-decks\/","url":"https:\/\/www.intentsfestival.nl\/de\/vip-decks\/","name":"VIP-Decks - Intents Festival","isPartOf":{"@id":"https:\/\/www.intentsfestival.nl\/#website"},"primaryImageOfPage":{"@id":"https:\/\/www.intentsfestival.nl\/de\/vip-decks\/#primaryimage"},"image":{"@id":"https:\/\/www.intentsfestival.nl\/de\/vip-decks\/#primaryimage"},"thumbnailUrl":"https:\/\/www.intentsfestival.nl\/wp-content\/uploads\/2020\/10\/vip-3.jpg","datePublished":"2021-10-04T13:06:30+00:00","breadcrumb":{"@id":"https:\/\/www.intentsfestival.nl\/de\/vip-decks\/#breadcrumb"},"inLanguage":"de","potentialAction":[{"@type":"ReadAction","target":["https:\/\/www.intentsfestival.nl\/de\/vip-decks\/"]}]},{"@type":"ImageObject","inLanguage":"de","@id":"https:\/\/www.intentsfestival.nl\/de\/vip-decks\/#primaryimage","url":"https:\/\/www.intentsfestival.nl\/wp-content\/uploads\/2020\/10\/vip-3.jpg","contentUrl":"https:\/\/www.intentsfestival.nl\/wp-content\/uploads\/2020\/10\/vip-3.jpg"},{"@type":"BreadcrumbList","@id":"https:\/\/www.intentsfestival.nl\/de\/vip-decks\/#breadcrumb","itemListElement":[{"@type":"ListItem","position":1,"name":"Home","item":"https:\/\/www.intentsfestival.nl\/de\/"},{"@type":"ListItem","position":2,"name":"VIP-Decks"}]},{"@type":"WebSite","@id":"https:\/\/www.intentsfestival.nl\/#website","url":"https:\/\/www.intentsfestival.nl\/","name":"Intents Festival","description":"The Harderstyles Weekend Festival","publisher":{"@id":"https:\/\/www.intentsfestival.nl\/#organization"},"potentialAction":[{"@type":"SearchAction","target":{"@type":"EntryPoint","urlTemplate":"https:\/\/www.intentsfestival.nl\/?s={search_term_string}"},"query-input":{"@type":"PropertyValueSpecification","valueRequired":true,"valueName":"search_term_string"}}],"inLanguage":"de"},{"@type":"Organization","@id":"https:\/\/www.intentsfestival.nl\/#organization","name":"Intents Festival","url":"https:\/\/www.intentsfestival.nl\/","logo":{"@type":"ImageObject","inLanguage":"de","@id":"https:\/\/www.intentsfestival.nl\/#\/schema\/logo\/image\/","url":"https:\/\/www.intentsfestival.nl\/wp-content\/uploads\/2024\/10\/if25-logo.png","contentUrl":"https:\/\/www.intentsfestival.nl\/wp-content\/uploads\/2024\/10\/if25-logo.png","width":468,"height":169,"caption":"Intents Festival"},"image":{"@id":"https:\/\/www.intentsfestival.nl\/#\/schema\/logo\/image\/"}}]}},"_links":{"self":[{"href":"https:\/\/www.intentsfestival.nl\/de\/wp-json\/wp\/v2\/pages\/1512","targetHints":{"allow":["GET"]}}],"collection":[{"href":"https:\/\/www.intentsfestival.nl\/de\/wp-json\/wp\/v2\/pages"}],"about":[{"href":"https:\/\/www.intentsfestival.nl\/de\/wp-json\/wp\/v2\/types\/page"}],"author":[{"embeddable":true,"href":"https:\/\/www.intentsfestival.nl\/de\/wp-json\/wp\/v2\/users\/1"}],"replies":[{"embeddable":true,"href":"https:\/\/www.intentsfestival.nl\/de\/wp-json\/wp\/v2\/comments?post=1512"}],"version-history":[{"count":1,"href":"https:\/\/www.intentsfestival.nl\/de\/wp-json\/wp\/v2\/pages\/1512\/revisions"}],"predecessor-version":[{"id":1514,"href":"https:\/\/www.intentsfestival.nl\/de\/wp-json\/wp\/v2\/pages\/1512\/revisions\/1514"}],"wp:attachment":[{"href":"https:\/\/www.intentsfestival.nl\/de\/wp-json\/wp\/v2\/media?parent=1512"}],"curies":[{"name":"wp","href":"https:\/\/api.w.org\/{rel}","templated":true}]}}