{"id":1386,"date":"2021-07-06T15:28:23","date_gmt":"2021-07-06T15:28:23","guid":{"rendered":"https:\/\/www.intentsfestival.nl\/tickets-personalisieren\/"},"modified":"2024-04-11T19:39:01","modified_gmt":"2024-04-11T19:39:01","slug":"tickets-personalisieren","status":"publish","type":"page","link":"https:\/\/www.intentsfestival.nl\/de\/tickets-personalisieren\/","title":{"rendered":"Tickets personalisieren"},"content":{"rendered":"\n<p>Jedes Jahr wird Intents Festival mit Schwarzhandel konfrontiert. Besucher bezahlen dadurch f\u00fcr ein Ticket \u2013 oft ohne es zu wissen \u2013 viel mehr als den urspr\u00fcnglichen Preis. Wir m\u00f6chten nicht, dass Besucher durch Weiterverkauf finanziell benachteiligt werden; daher bitten wir dich um Angaben zu den Personen, die zusammen mit dir zum Festival kommen. Deine Informationen k\u00f6nnen auch dazu benutzt werden, dich \u00fcber das Festival zu informieren.<\/p>\n\n<p>F\u00fcr namentliche Tickets musst du von allen betreffenden Personen Folgendes eintragen: Vorname, Nachname, E-Mail-Adresse, Geschlecht und Geburtsdatum.<\/p>\n\n<p>Wenn der Hauptk\u00e4ufer sich am Eingang zum Festivalgel\u00e4nde befindet, k\u00f6nnen die anderen Personen mit den gekauften Tickets Zugang zum Festival bekommen. Durch die Anwesenheit des Hauptk\u00e4ufers sind wir sicher, dass diese Tickets rechtm\u00e4\u00dfig erworben wurden. Wir behalten uns das Recht vor, im Zweifelsfall am Eingang ein Identit\u00e4tsdokument zu verlangen.<\/p>\n\n<h3 class=\"wp-block-heading\">Ticket-Eigent\u00fcmer \u00e4ndern<\/h3>\n\n<p>Sie k\u00f6nnen den Namen auf dem Ticket \u00fcber MyOrder in Paylogic \u00e4ndern.<\/p>\n","protected":false},"excerpt":{"rendered":"<p>Jedes Jahr wird Intents Festival mit Schwarzhandel konfrontiert. Besucher bezahlen dadurch f\u00fcr ein Ticket \u2013 oft ohne es zu wissen \u2013 viel mehr als den urspr\u00fcnglichen Preis. Wir m\u00f6chten nicht, dass Besucher durch Weiterverkauf finanziell benachteiligt werden; daher bitten wir dich um Angaben zu den Personen, die zusammen mit dir zum Festival kommen. Deine Informationen [&hellip;]<\/p>\n","protected":false},"author":1,"featured_media":0,"parent":0,"menu_order":0,"comment_status":"closed","ping_status":"closed","template":"","meta":{"_acf_changed":false,"footnotes":""},"class_list":["post-1386","page","type-page","status-publish","hentry"],"acf":[],"yoast_head":"<!-- This site is optimized with the Yoast SEO plugin v26.1.1 - https:\/\/yoast.com\/wordpress\/plugins\/seo\/ -->\n<title>Tickets personalisieren - Intents Festival<\/title>\n<meta name=\"robots\" content=\"index, follow, max-snippet:-1, max-image-preview:large, max-video-preview:-1\" \/>\n<link rel=\"canonical\" href=\"https:\/\/www.intentsfestival.nl\/de\/tickets-personalisieren\/\" \/>\n<meta property=\"og:locale\" content=\"de_DE\" \/>\n<meta property=\"og:type\" content=\"article\" \/>\n<meta property=\"og:title\" content=\"Tickets personalisieren - Intents Festival\" \/>\n<meta property=\"og:description\" content=\"Jedes Jahr wird Intents Festival mit Schwarzhandel konfrontiert. Besucher bezahlen dadurch f\u00fcr ein Ticket \u2013 oft ohne es zu wissen \u2013 viel mehr als den urspr\u00fcnglichen Preis. Wir m\u00f6chten nicht, dass Besucher durch Weiterverkauf finanziell benachteiligt werden; daher bitten wir dich um Angaben zu den Personen, die zusammen mit dir zum Festival kommen. Deine Informationen [&hellip;]\" \/>\n<meta property=\"og:url\" content=\"https:\/\/www.intentsfestival.nl\/de\/tickets-personalisieren\/\" \/>\n<meta property=\"og:site_name\" content=\"Intents Festival\" \/>\n<meta property=\"article:modified_time\" content=\"2024-04-11T19:39:01+00:00\" \/>\n<meta name=\"twitter:card\" content=\"summary_large_image\" \/>\n<meta name=\"twitter:label1\" content=\"Gesch\u00e4tzte Lesezeit\" \/>\n\t<meta name=\"twitter:data1\" content=\"1\u00a0Minute\" \/>\n<script type=\"application\/ld+json\" class=\"yoast-schema-graph\">{\"@context\":\"https:\/\/schema.org\",\"@graph\":[{\"@type\":\"WebPage\",\"@id\":\"https:\/\/www.intentsfestival.nl\/de\/tickets-personalisieren\/\",\"url\":\"https:\/\/www.intentsfestival.nl\/de\/tickets-personalisieren\/\",\"name\":\"Tickets personalisieren - Intents Festival\",\"isPartOf\":{\"@id\":\"https:\/\/www.intentsfestival.nl\/#website\"},\"datePublished\":\"2021-07-06T15:28:23+00:00\",\"dateModified\":\"2024-04-11T19:39:01+00:00\",\"breadcrumb\":{\"@id\":\"https:\/\/www.intentsfestival.nl\/de\/tickets-personalisieren\/#breadcrumb\"},\"inLanguage\":\"de\",\"potentialAction\":[{\"@type\":\"ReadAction\",\"target\":[\"https:\/\/www.intentsfestival.nl\/de\/tickets-personalisieren\/\"]}]},{\"@type\":\"BreadcrumbList\",\"@id\":\"https:\/\/www.intentsfestival.nl\/de\/tickets-personalisieren\/#breadcrumb\",\"itemListElement\":[{\"@type\":\"ListItem\",\"position\":1,\"name\":\"Home\",\"item\":\"https:\/\/www.intentsfestival.nl\/de\/\"},{\"@type\":\"ListItem\",\"position\":2,\"name\":\"Tickets personalisieren\"}]},{\"@type\":\"WebSite\",\"@id\":\"https:\/\/www.intentsfestival.nl\/#website\",\"url\":\"https:\/\/www.intentsfestival.nl\/\",\"name\":\"Intents Festival\",\"description\":\"The Harderstyles Weekend Festival\",\"publisher\":{\"@id\":\"https:\/\/www.intentsfestival.nl\/#organization\"},\"potentialAction\":[{\"@type\":\"SearchAction\",\"target\":{\"@type\":\"EntryPoint\",\"urlTemplate\":\"https:\/\/www.intentsfestival.nl\/?s={search_term_string}\"},\"query-input\":{\"@type\":\"PropertyValueSpecification\",\"valueRequired\":true,\"valueName\":\"search_term_string\"}}],\"inLanguage\":\"de\"},{\"@type\":\"Organization\",\"@id\":\"https:\/\/www.intentsfestival.nl\/#organization\",\"name\":\"Intents Festival\",\"url\":\"https:\/\/www.intentsfestival.nl\/\",\"logo\":{\"@type\":\"ImageObject\",\"inLanguage\":\"de\",\"@id\":\"https:\/\/www.intentsfestival.nl\/#\/schema\/logo\/image\/\",\"url\":\"https:\/\/www.intentsfestival.nl\/wp-content\/uploads\/2024\/10\/if25-logo.png\",\"contentUrl\":\"https:\/\/www.intentsfestival.nl\/wp-content\/uploads\/2024\/10\/if25-logo.png\",\"width\":468,\"height\":169,\"caption\":\"Intents Festival\"},\"image\":{\"@id\":\"https:\/\/www.intentsfestival.nl\/#\/schema\/logo\/image\/\"}}]}<\/script>\n<!-- \/ Yoast SEO plugin. -->","yoast_head_json":{"title":"Tickets personalisieren - Intents Festival","robots":{"index":"index","follow":"follow","max-snippet":"max-snippet:-1","max-image-preview":"max-image-preview:large","max-video-preview":"max-video-preview:-1"},"canonical":"https:\/\/www.intentsfestival.nl\/de\/tickets-personalisieren\/","og_locale":"de_DE","og_type":"article","og_title":"Tickets personalisieren - Intents Festival","og_description":"Jedes Jahr wird Intents Festival mit Schwarzhandel konfrontiert. Besucher bezahlen dadurch f\u00fcr ein Ticket \u2013 oft ohne es zu wissen \u2013 viel mehr als den urspr\u00fcnglichen Preis. Wir m\u00f6chten nicht, dass Besucher durch Weiterverkauf finanziell benachteiligt werden; daher bitten wir dich um Angaben zu den Personen, die zusammen mit dir zum Festival kommen. Deine Informationen [&hellip;]","og_url":"https:\/\/www.intentsfestival.nl\/de\/tickets-personalisieren\/","og_site_name":"Intents Festival","article_modified_time":"2024-04-11T19:39:01+00:00","twitter_card":"summary_large_image","twitter_misc":{"Gesch\u00e4tzte Lesezeit":"1\u00a0Minute"},"schema":{"@context":"https:\/\/schema.org","@graph":[{"@type":"WebPage","@id":"https:\/\/www.intentsfestival.nl\/de\/tickets-personalisieren\/","url":"https:\/\/www.intentsfestival.nl\/de\/tickets-personalisieren\/","name":"Tickets personalisieren - Intents Festival","isPartOf":{"@id":"https:\/\/www.intentsfestival.nl\/#website"},"datePublished":"2021-07-06T15:28:23+00:00","dateModified":"2024-04-11T19:39:01+00:00","breadcrumb":{"@id":"https:\/\/www.intentsfestival.nl\/de\/tickets-personalisieren\/#breadcrumb"},"inLanguage":"de","potentialAction":[{"@type":"ReadAction","target":["https:\/\/www.intentsfestival.nl\/de\/tickets-personalisieren\/"]}]},{"@type":"BreadcrumbList","@id":"https:\/\/www.intentsfestival.nl\/de\/tickets-personalisieren\/#breadcrumb","itemListElement":[{"@type":"ListItem","position":1,"name":"Home","item":"https:\/\/www.intentsfestival.nl\/de\/"},{"@type":"ListItem","position":2,"name":"Tickets personalisieren"}]},{"@type":"WebSite","@id":"https:\/\/www.intentsfestival.nl\/#website","url":"https:\/\/www.intentsfestival.nl\/","name":"Intents Festival","description":"The Harderstyles Weekend Festival","publisher":{"@id":"https:\/\/www.intentsfestival.nl\/#organization"},"potentialAction":[{"@type":"SearchAction","target":{"@type":"EntryPoint","urlTemplate":"https:\/\/www.intentsfestival.nl\/?s={search_term_string}"},"query-input":{"@type":"PropertyValueSpecification","valueRequired":true,"valueName":"search_term_string"}}],"inLanguage":"de"},{"@type":"Organization","@id":"https:\/\/www.intentsfestival.nl\/#organization","name":"Intents Festival","url":"https:\/\/www.intentsfestival.nl\/","logo":{"@type":"ImageObject","inLanguage":"de","@id":"https:\/\/www.intentsfestival.nl\/#\/schema\/logo\/image\/","url":"https:\/\/www.intentsfestival.nl\/wp-content\/uploads\/2024\/10\/if25-logo.png","contentUrl":"https:\/\/www.intentsfestival.nl\/wp-content\/uploads\/2024\/10\/if25-logo.png","width":468,"height":169,"caption":"Intents Festival"},"image":{"@id":"https:\/\/www.intentsfestival.nl\/#\/schema\/logo\/image\/"}}]}},"_links":{"self":[{"href":"https:\/\/www.intentsfestival.nl\/de\/wp-json\/wp\/v2\/pages\/1386","targetHints":{"allow":["GET"]}}],"collection":[{"href":"https:\/\/www.intentsfestival.nl\/de\/wp-json\/wp\/v2\/pages"}],"about":[{"href":"https:\/\/www.intentsfestival.nl\/de\/wp-json\/wp\/v2\/types\/page"}],"author":[{"embeddable":true,"href":"https:\/\/www.intentsfestival.nl\/de\/wp-json\/wp\/v2\/users\/1"}],"replies":[{"embeddable":true,"href":"https:\/\/www.intentsfestival.nl\/de\/wp-json\/wp\/v2\/comments?post=1386"}],"version-history":[{"count":2,"href":"https:\/\/www.intentsfestival.nl\/de\/wp-json\/wp\/v2\/pages\/1386\/revisions"}],"predecessor-version":[{"id":10180,"href":"https:\/\/www.intentsfestival.nl\/de\/wp-json\/wp\/v2\/pages\/1386\/revisions\/10180"}],"wp:attachment":[{"href":"https:\/\/www.intentsfestival.nl\/de\/wp-json\/wp\/v2\/media?parent=1386"}],"curies":[{"name":"wp","href":"https:\/\/api.w.org\/{rel}","templated":true}]}}